{"id":3880,"date":"2023-01-25T16:54:20","date_gmt":"2023-01-25T15:54:20","guid":{"rendered":"https:\/\/digitalcolorslab.com\/?post_type=product&#038;p=3880"},"modified":"2024-03-30T11:08:31","modified_gmt":"2024-03-30T10:08:31","slug":"supporto-per-sfondi-fotografici-2-x-2-metri","status":"publish","type":"product","link":"https:\/\/digitalcolorslab.com\/en\/prodotto\/supporto-per-sfondi-fotografici-2-x-2-metri\/","title":{"rendered":"Supporto per sfondi fotografici 2 x 2 metri"},"content":{"rendered":"<ul class=\"a-unordered-list a-vertical a-spacing-mini\">\n<li><span class=\"a-list-item\">Design: il design migliorato del treppiede rende il supporto per fondale fotografico pi\u00f9 stabile. Il morsetto progettato accuratamente rende l&#8217;operazione pi\u00f9 semplice<\/span><\/li>\n<li><span class=\"a-list-item\">Materiale: l&#8217;uso di una nuova lega di alta qualit\u00e0 rende il supporto solido e leggero. Il supporto pesa 2,2 kg e pu\u00f2 sopportare un carico massimo di 6 kg<\/span><\/li>\n<li><span class=\"a-list-item\">Dimensioni: la lunghezza e la larghezza del supporto possono essere regolate in base alle esigenze e alle dimensioni del fondale, fino a 2 metri di altezza e 2 metri di larghezza<\/span><\/li>\n<li><span class=\"a-list-item\">Applicabilit\u00e0: il supporto per la fotografia professionale pu\u00f2 essere utilizzato in studi fotografici, case ed esterni. Adatto a fotografi professionisti, appassionati di fotografia e principianti<\/span><\/li>\n<li><span class=\"a-list-item\">Montaggio: il tubo d&#8217;acciaio \u00e8 dotato di un foro rotondo ben progettato e di un anello, che pu\u00f2 essere rapidamente installato tramite il dado corrispondente. \u00c8 inclusa anche una borsa per il trasporto a mano<\/span><\/li>\n<\/ul>\n","protected":false},"excerpt":{"rendered":"<p>Stand per sfondi fotografici 2&#215;2 metri<\/p>\n<p id=\"title\" class=\"a-size-large a-spacing-none\"><span id=\"productTitle\" class=\"a-size-large product-title-word-break\">Supporto di Fondale Fotografico, con borsa per il trasporto e 2 morsetti \u00e8 ideale per studio fotografico<\/span><\/p>\n<ul>\n<li>2 treppiedi<\/li>\n<li>1 Asse<\/li>\n<li>1 Borsa<\/li>\n<li>2 Morsetti<\/li>\n<\/ul>\n","protected":false},"featured_media":3881,"comment_status":"open","ping_status":"closed","template":"","meta":{"_monsterinsights_skip_tracking":false,"_monsterinsights_sitenote_active":false,"_monsterinsights_sitenote_note":"","_monsterinsights_sitenote_category":0},"product_brand":[],"product_cat":[],"product_tag":[],"class_list":{"0":"post-3880","1":"product","2":"type-product","3":"status-publish","4":"has-post-thumbnail","7":"first","8":"instock","9":"sale","10":"shipping-taxable","11":"purchasable","12":"product-type-simple"},"aioseo_notices":[],"_links":{"self":[{"href":"https:\/\/digitalcolorslab.com\/en\/wp-json\/wp\/v2\/product\/3880","targetHints":{"allow":["GET"]}}],"collection":[{"href":"https:\/\/digitalcolorslab.com\/en\/wp-json\/wp\/v2\/product"}],"about":[{"href":"https:\/\/digitalcolorslab.com\/en\/wp-json\/wp\/v2\/types\/product"}],"replies":[{"embeddable":true,"href":"https:\/\/digitalcolorslab.com\/en\/wp-json\/wp\/v2\/comments?post=3880"}],"wp:featuredmedia":[{"embeddable":true,"href":"https:\/\/digitalcolorslab.com\/en\/wp-json\/wp\/v2\/media\/3881"}],"wp:attachment":[{"href":"https:\/\/digitalcolorslab.com\/en\/wp-json\/wp\/v2\/media?parent=3880"}],"wp:term":[{"taxonomy":"product_brand","embeddable":true,"href":"https:\/\/digitalcolorslab.com\/en\/wp-json\/wp\/v2\/product_brand?post=3880"},{"taxonomy":"product_cat","embeddable":true,"href":"https:\/\/digitalcolorslab.com\/en\/wp-json\/wp\/v2\/product_cat?post=3880"},{"taxonomy":"product_tag","embeddable":true,"href":"https:\/\/digitalcolorslab.com\/en\/wp-json\/wp\/v2\/product_tag?post=3880"}],"curies":[{"name":"wp","href":"https:\/\/api.w.org\/{rel}","templated":true}]}}